{"id":165,"date":"2019-02-08T17:59:36","date_gmt":"2019-02-08T17:59:36","guid":{"rendered":"http:\/\/pus.nassenheide.info\/?page_id=165"},"modified":"2023-06-12T07:21:21","modified_gmt":"2023-06-12T07:21:21","slug":"referenzen","status":"publish","type":"page","link":"https:\/\/pus-gmbh.com\/?page_id=165","title":{"rendered":"Referenzen"},"content":{"rendered":"<div style=\"clear: both;\"><\/div>\n<div class=\"pus-text\">\n<h1>Referenzen<\/h1>\n<hr \/>\n<p>Unser Auftraggeber ist haupts\u00e4chlich die Deutsche Bahn AG. Seit mehr als zwanzig Jahren sind wir f\u00fcr viele Bauvorhaben verantwortlich. Einen kleinen Einblick \u00fcber die Vielfalt unserer Projekte\/ Eins\u00e4tze zeigen wir im folgenden.\n<\/p>\n<ul>\n<li><a href=\"?page_id=391\">Bauvorhaben<\/a><\/li>\n<li><a href=\"?page_id=307\">Zertifikate<\/a><\/li>\n<\/ul>\n<\/div>\n<div style=\"clear: both;\"><\/div>\n","protected":false},"excerpt":{"rendered":"<p>Referenzen Unser Auftraggeber ist haupts\u00e4chlich die Deutsche Bahn AG. Seit mehr als zwanzig Jahren sind wir f\u00fcr viele Bauvorhaben verantwortlich. Einen kleinen Einblick \u00fcber die Vielfalt unserer Projekte\/ Eins\u00e4tze zeigen wir im folgenden. Bauvorhaben Zertifikate<\/p>\n","protected":false},"author":1,"featured_media":0,"parent":0,"menu_order":0,"comment_status":"closed","ping_status":"closed","template":"","meta":{"footnotes":""},"class_list":["post-165","page","type-page","status-publish","hentry"],"_links":{"self":[{"href":"https:\/\/pus-gmbh.com\/index.php?rest_route=\/wp\/v2\/pages\/165","targetHints":{"allow":["GET"]}}],"collection":[{"href":"https:\/\/pus-gmbh.com\/index.php?rest_route=\/wp\/v2\/pages"}],"about":[{"href":"https:\/\/pus-gmbh.com\/index.php?rest_route=\/wp\/v2\/types\/page"}],"author":[{"embeddable":true,"href":"https:\/\/pus-gmbh.com\/index.php?rest_route=\/wp\/v2\/users\/1"}],"replies":[{"embeddable":true,"href":"https:\/\/pus-gmbh.com\/index.php?rest_route=%2Fwp%2Fv2%2Fcomments&post=165"}],"version-history":[{"count":3,"href":"https:\/\/pus-gmbh.com\/index.php?rest_route=\/wp\/v2\/pages\/165\/revisions"}],"predecessor-version":[{"id":602,"href":"https:\/\/pus-gmbh.com\/index.php?rest_route=\/wp\/v2\/pages\/165\/revisions\/602"}],"wp:attachment":[{"href":"https:\/\/pus-gmbh.com\/index.php?rest_route=%2Fwp%2Fv2%2Fmedia&parent=165"}],"curies":[{"name":"wp","href":"https:\/\/api.w.org\/{rel}","templated":true}]}}