{"id":49,"date":"2019-02-07T21:27:24","date_gmt":"2019-02-07T21:27:24","guid":{"rendered":"http:\/\/pus.nassenheide.info\/?page_id=49"},"modified":"2019-04-25T05:51:40","modified_gmt":"2019-04-25T05:51:40","slug":"datenschutzerklaerung","status":"publish","type":"page","link":"https:\/\/pus-gmbh.com\/?page_id=49","title":{"rendered":"Datenschutzerkl\u00e4rung"},"content":{"rendered":"\n<div style=\"clear: both;\"><\/div>\n<div class=\"pus-text\">\n<h1>Datenschutzerkl\u00e4rung<\/h1>\n<hr \/>\n<p style=\"text-align:justify\">Die Adresse unserer Website ist: https:\/\/pus-gmbh.com. Wir sammeln keine Daten der Besucher unserer Webseite. Auf unserer Seite gibt es keine Kontaktformulare. Bitte wenden Sie sich an uns per Email, Post oder Telefon.<\/p>\n<p style=\"text-align:justify\"><strong>Cookies: <\/strong>Unsere Webseite kann uneingeschr\u00e4nkt besucht werden, ohne Cookies zu hinterlassen. Da eine Anmeldung auf dieser Webseite f\u00fcr Besucher nicht m\u00f6glich ist, werden keine Cookies gespeichert.<\/p>\n<p style=\"text-align:justify\"><strong>Eingebettete Inhalte von anderen Websites: <\/strong>Beitr\u00e4ge auf dieser Website k\u00f6nnen eingebettete Inhalte beinhalten (z.&nbsp;B. Videos, Bilder, Beitr\u00e4ge etc.). Eingebettete Inhalte von anderen Websites verhalten sich exakt so, als ob der Besucher die andere Website besucht h\u00e4tte. Diese Websites k\u00f6nnen Daten \u00fcber Sie sammeln, Cookies benutzen, zus\u00e4tzliche Tracking-Dienste von Dritten einbetten und Ihre Interaktion mit diesem eingebetteten Inhalt aufzeichnen, inklusive Ihrer Interaktion mit dem eingebetteten Inhalt, falls Sie ein Konto haben und auf dieser Website angemeldet sind.<\/p>\n<p style=\"text-align:justify\"><strong>Analysedienste etc.:<\/strong> Wir verwenden auf dieser Seite keine Analysedienste und teilen Ihre Daten mit niemandem. Wir f\u00fchren keine automatisierte Entscheidungsfindung und\/oder Profilerstellung mit Benutzerdaten durch und erhalten auch keine Daten von Dritten.<\/p>\n<p style=\"text-align:justify\"><strong>Wie lange wir Ihre Daten speichern:<\/strong> Da Sie auf unserer Webseite keine Daten eingeben k\u00f6nnen, werden auch keine Daten gespeichert. Sollten Sie sich per Email oder Post an uns wenden, werden Ihre Daten so lange gespeichert, bis Ihr Anliegen erledigt ist.<\/p>\n<h3>Welche Rechte Sie an Ihren Daten haben<\/h3>\n<p style=\"text-align:justify\">Wenn Sie sich per Mail oder Post an uns wenden, bleiben Ihre Daten gespeichert, bis Ihr Anliegen abschlie\u00dfend erledigt ist. Auf Wunsch geben wir die Daten preis, die wir \u00fcber Sie gespeichert haben. Wir sichern Ihnen zu, dass Ihre Daten, die Sie uns per Email oder Post mitteilen, nur dem Personenkreis zug\u00e4nglich gemacht wird, der unmittelbar mit der Bearbeitung Ihres Anliegens betraut ist.<\/p>\n","protected":false},"excerpt":{"rendered":"<p>Datenschutzerkl\u00e4rung Die Adresse unserer Website ist: https:\/\/pus-gmbh.com. Wir sammeln keine Daten der Besucher unserer Webseite. Auf unserer Seite gibt es keine Kontaktformulare. Bitte wenden Sie sich an uns per Email, Post oder Telefon. Cookies: Unsere Webseite kann uneingeschr\u00e4nkt besucht werden, ohne Cookies zu hinterlassen. Da eine Anmeldung auf dieser Webseite f\u00fcr Besucher nicht m\u00f6glich ist, [&hellip;]<\/p>\n","protected":false},"author":1,"featured_media":0,"parent":0,"menu_order":0,"comment_status":"closed","ping_status":"closed","template":"","meta":{"footnotes":""},"class_list":["post-49","page","type-page","status-publish","hentry"],"_links":{"self":[{"href":"https:\/\/pus-gmbh.com\/index.php?rest_route=\/wp\/v2\/pages\/49","targetHints":{"allow":["GET"]}}],"collection":[{"href":"https:\/\/pus-gmbh.com\/index.php?rest_route=\/wp\/v2\/pages"}],"about":[{"href":"https:\/\/pus-gmbh.com\/index.php?rest_route=\/wp\/v2\/types\/page"}],"author":[{"embeddable":true,"href":"https:\/\/pus-gmbh.com\/index.php?rest_route=\/wp\/v2\/users\/1"}],"replies":[{"embeddable":true,"href":"https:\/\/pus-gmbh.com\/index.php?rest_route=%2Fwp%2Fv2%2Fcomments&post=49"}],"version-history":[{"count":2,"href":"https:\/\/pus-gmbh.com\/index.php?rest_route=\/wp\/v2\/pages\/49\/revisions"}],"predecessor-version":[{"id":591,"href":"https:\/\/pus-gmbh.com\/index.php?rest_route=\/wp\/v2\/pages\/49\/revisions\/591"}],"wp:attachment":[{"href":"https:\/\/pus-gmbh.com\/index.php?rest_route=%2Fwp%2Fv2%2Fmedia&parent=49"}],"curies":[{"name":"wp","href":"https:\/\/api.w.org\/{rel}","templated":true}]}}