{"id":80,"date":"2019-02-08T10:52:03","date_gmt":"2019-02-08T10:52:03","guid":{"rendered":"http:\/\/pus.nassenheide.info\/?page_id=80"},"modified":"2019-04-16T09:02:17","modified_gmt":"2019-04-16T09:02:17","slug":"abrechnung","status":"publish","type":"page","link":"https:\/\/pus-gmbh.com\/?page_id=80","title":{"rendered":"Abrechnung"},"content":{"rendered":"<div style=\"clear:both\">\n<div class=\"pus-text\">\n<h1>Abrechnung<\/h1>\n<hr \/>\n<p style=\"text-align:center\">Auf Wunsch bieten wir den kompletten Bereich der Abrechung an. Wir \u00fcbernehmen die Pr\u00fcfung von Aufma\u00dfen, Nachtr\u00e4gen sowie Rechnungen entsprechend den Anforderungen unserer Auftraggeber.<\/p>\n<\/div>\n<div style=\"clear:both\">\n","protected":false},"excerpt":{"rendered":"<p>Abrechnung Auf Wunsch bieten wir den kompletten Bereich der Abrechung an. Wir \u00fcbernehmen die Pr\u00fcfung von Aufma\u00dfen, Nachtr\u00e4gen sowie Rechnungen entsprechend den Anforderungen unserer Auftraggeber.<\/p>\n","protected":false},"author":1,"featured_media":0,"parent":0,"menu_order":0,"comment_status":"closed","ping_status":"closed","template":"","meta":{"footnotes":""},"class_list":["post-80","page","type-page","status-publish","hentry"],"_links":{"self":[{"href":"https:\/\/pus-gmbh.com\/index.php?rest_route=\/wp\/v2\/pages\/80","targetHints":{"allow":["GET"]}}],"collection":[{"href":"https:\/\/pus-gmbh.com\/index.php?rest_route=\/wp\/v2\/pages"}],"about":[{"href":"https:\/\/pus-gmbh.com\/index.php?rest_route=\/wp\/v2\/types\/page"}],"author":[{"embeddable":true,"href":"https:\/\/pus-gmbh.com\/index.php?rest_route=\/wp\/v2\/users\/1"}],"replies":[{"embeddable":true,"href":"https:\/\/pus-gmbh.com\/index.php?rest_route=%2Fwp%2Fv2%2Fcomments&post=80"}],"version-history":[{"count":3,"href":"https:\/\/pus-gmbh.com\/index.php?rest_route=\/wp\/v2\/pages\/80\/revisions"}],"predecessor-version":[{"id":535,"href":"https:\/\/pus-gmbh.com\/index.php?rest_route=\/wp\/v2\/pages\/80\/revisions\/535"}],"wp:attachment":[{"href":"https:\/\/pus-gmbh.com\/index.php?rest_route=%2Fwp%2Fv2%2Fmedia&parent=80"}],"curies":[{"name":"wp","href":"https:\/\/api.w.org\/{rel}","templated":true}]}}